{"id":19258,"date":"2026-04-19T09:33:46","date_gmt":"2026-04-19T09:33:46","guid":{"rendered":"https:\/\/jordanmania.de\/?post_type=product&#038;p=19258"},"modified":"2026-04-22T09:55:40","modified_gmt":"2026-04-22T09:55:40","slug":"nike-shox-tl-herren-schwarz-2","status":"publish","type":"product","link":"https:\/\/jordanmania.de\/en\/product\/nike-shox-tl-herren-schwarz-2\/","title":{"rendered":"Nike Shox TL Herren Schwarz"},"content":{"rendered":"<p data-start=\"63\" data-end=\"115\"><strong data-start=\"63\" data-end=\"80\">Farbvariante:<\/strong> Schwarz<br data-start=\"88\" data-end=\"91\"><strong data-start=\"91\" data-end=\"106\">Zielgruppe:<\/strong> Herren<\/p>\n<p data-start=\"117\" data-end=\"490\"><strong data-start=\"117\" data-end=\"141\">Produktbeschreibung:<\/strong><br data-start=\"141\" data-end=\"144\">Der Nike Shox TL f\u00fcr Herren in der Farbe Schwarz \u00fcberzeugt mit einem markanten, technisch gepr\u00e4gten Design, das stark von der ikonischen Running-\u00c4sthetik der fr\u00fchen 2000er-Jahre inspiriert ist. Die auff\u00e4llige Silhouette in Kombination mit dem strukturierten Obermaterial verleiht dem Sneaker einen dynamischen Look mit hohem Wiedererkennungswert.<\/p>\n<p data-start=\"492\" data-end=\"755\" data-is-last-node=\"\" data-is-only-node=\"\">Die charakteristische Shox-D\u00e4mpfung sorgt f\u00fcr eine reaktionsstarke Federung und hohen Tragekomfort im Alltag. Die zeitlose schwarze Farbgebung macht den Nike Shox TL vielseitig kombinierbar und ideal f\u00fcr urbane Styles, Freizeit und einen selbstbewussten Auftritt.<\/p>","protected":false},"excerpt":{"rendered":"<p>Farbvariante: SchwarzZielgruppe: Herren Produktbeschreibung:Der Nike Shox TL f\u00fcr Herren in der Farbe Schwarz \u00fcberzeugt mit einem markanten, technisch gepr\u00e4gten Design, das stark von der ikonischen Running-\u00c4sthetik der fr\u00fchen 2000er-Jahre inspiriert ist. Die auff\u00e4llige Silhouette in Kombination mit dem strukturierten Obermaterial verleiht dem Sneaker einen dynamischen Look mit hohem Wiedererkennungswert. Die charakteristische Shox-D\u00e4mpfung sorgt f\u00fcr eine [&hellip;]<\/p>\n","protected":false},"featured_media":19263,"comment_status":"open","ping_status":"closed","template":"","meta":[],"product_brand":[47],"product_cat":[59,71],"product_tag":[96],"class_list":{"0":"post-19258","1":"product","2":"type-product","3":"status-publish","4":"has-post-thumbnail","6":"product_brand-nike","7":"product_cat-nike","8":"product_cat-sneakers","9":"product_tag-finished","11":"first","12":"instock","13":"shipping-taxable","14":"purchasable","15":"product-type-variable"},"_links":{"self":[{"href":"https:\/\/jordanmania.de\/en\/wp-json\/wp\/v2\/product\/19258","targetHints":{"allow":["GET"]}}],"collection":[{"href":"https:\/\/jordanmania.de\/en\/wp-json\/wp\/v2\/product"}],"about":[{"href":"https:\/\/jordanmania.de\/en\/wp-json\/wp\/v2\/types\/product"}],"replies":[{"embeddable":true,"href":"https:\/\/jordanmania.de\/en\/wp-json\/wp\/v2\/comments?post=19258"}],"wp:featuredmedia":[{"embeddable":true,"href":"https:\/\/jordanmania.de\/en\/wp-json\/wp\/v2\/media\/19263"}],"wp:attachment":[{"href":"https:\/\/jordanmania.de\/en\/wp-json\/wp\/v2\/media?parent=19258"}],"wp:term":[{"taxonomy":"product_brand","embeddable":true,"href":"https:\/\/jordanmania.de\/en\/wp-json\/wp\/v2\/product_brand?post=19258"},{"taxonomy":"product_cat","embeddable":true,"href":"https:\/\/jordanmania.de\/en\/wp-json\/wp\/v2\/product_cat?post=19258"},{"taxonomy":"product_tag","embeddable":true,"href":"https:\/\/jordanmania.de\/en\/wp-json\/wp\/v2\/product_tag?post=19258"}],"curies":[{"name":"wp","href":"https:\/\/api.w.org\/{rel}","templated":true}]}}