{"id":19259,"date":"2026-04-19T09:33:46","date_gmt":"2026-04-19T09:33:46","guid":{"rendered":"https:\/\/jordanmania.de\/?post_type=product&#038;p=19259"},"modified":"2026-04-22T09:55:41","modified_gmt":"2026-04-22T09:55:41","slug":"nike-shox-tl-herren-weis","status":"publish","type":"product","link":"https:\/\/jordanmania.de\/en\/product\/nike-shox-tl-herren-weis\/","title":{"rendered":"Nike Shox TL Herren Wei\u00df"},"content":{"rendered":"<p data-start=\"60\" data-end=\"109\"><strong data-start=\"60\" data-end=\"77\">Farbvariante:<\/strong> Wei\u00df<br data-start=\"82\" data-end=\"85\"><strong data-start=\"85\" data-end=\"100\">Zielgruppe:<\/strong> Herren<\/p>\n<p data-start=\"111\" data-end=\"488\"><strong data-start=\"111\" data-end=\"135\">Produktbeschreibung:<\/strong><br data-start=\"135\" data-end=\"138\">Der Nike Shox TL f\u00fcr Herren in der Farbe Wei\u00df \u00fcberzeugt mit einem markanten, technisch gepr\u00e4gten Design, das von der ikonischen Running-\u00c4sthetik der fr\u00fchen 2000er-Jahre inspiriert ist. Die ausdrucksstarke Silhouette in Kombination mit dem strukturierten Obermaterial verleiht dem Sneaker eine moderne, dynamische Optik mit hohem Wiedererkennungswert.<\/p>\n<p data-start=\"490\" data-end=\"792\" data-is-last-node=\"\" data-is-only-node=\"\">Die charakteristische Shox-D\u00e4mpfung in der Sohle sorgt f\u00fcr eine reaktionsstarke Federung und hohen Tragekomfort im Alltag. Die helle Farbgebung wirkt frisch und vielseitig kombinierbar und macht den Nike Shox TL zu einem idealen Begleiter f\u00fcr urbane Styles, Freizeit und einen selbstbewussten Auftritt.<\/p>","protected":false},"excerpt":{"rendered":"<p>Farbvariante: Wei\u00dfZielgruppe: Herren Produktbeschreibung:Der Nike Shox TL f\u00fcr Herren in der Farbe Wei\u00df \u00fcberzeugt mit einem markanten, technisch gepr\u00e4gten Design, das von der ikonischen Running-\u00c4sthetik der fr\u00fchen 2000er-Jahre inspiriert ist. Die ausdrucksstarke Silhouette in Kombination mit dem strukturierten Obermaterial verleiht dem Sneaker eine moderne, dynamische Optik mit hohem Wiedererkennungswert. Die charakteristische Shox-D\u00e4mpfung in der Sohle [&hellip;]<\/p>\n","protected":false},"featured_media":19275,"comment_status":"open","ping_status":"closed","template":"","meta":[],"product_brand":[47],"product_cat":[59,71],"product_tag":[96],"class_list":{"0":"post-19259","1":"product","2":"type-product","3":"status-publish","4":"has-post-thumbnail","6":"product_brand-nike","7":"product_cat-nike","8":"product_cat-sneakers","9":"product_tag-finished","11":"first","12":"instock","13":"shipping-taxable","14":"purchasable","15":"product-type-variable"},"_links":{"self":[{"href":"https:\/\/jordanmania.de\/en\/wp-json\/wp\/v2\/product\/19259","targetHints":{"allow":["GET"]}}],"collection":[{"href":"https:\/\/jordanmania.de\/en\/wp-json\/wp\/v2\/product"}],"about":[{"href":"https:\/\/jordanmania.de\/en\/wp-json\/wp\/v2\/types\/product"}],"replies":[{"embeddable":true,"href":"https:\/\/jordanmania.de\/en\/wp-json\/wp\/v2\/comments?post=19259"}],"wp:featuredmedia":[{"embeddable":true,"href":"https:\/\/jordanmania.de\/en\/wp-json\/wp\/v2\/media\/19275"}],"wp:attachment":[{"href":"https:\/\/jordanmania.de\/en\/wp-json\/wp\/v2\/media?parent=19259"}],"wp:term":[{"taxonomy":"product_brand","embeddable":true,"href":"https:\/\/jordanmania.de\/en\/wp-json\/wp\/v2\/product_brand?post=19259"},{"taxonomy":"product_cat","embeddable":true,"href":"https:\/\/jordanmania.de\/en\/wp-json\/wp\/v2\/product_cat?post=19259"},{"taxonomy":"product_tag","embeddable":true,"href":"https:\/\/jordanmania.de\/en\/wp-json\/wp\/v2\/product_tag?post=19259"}],"curies":[{"name":"wp","href":"https:\/\/api.w.org\/{rel}","templated":true}]}}