{"id":19301,"date":"2026-04-19T09:33:50","date_gmt":"2026-04-19T09:33:50","guid":{"rendered":"https:\/\/jordanmania.de\/?post_type=product&#038;p=19301"},"modified":"2026-04-22T09:55:41","modified_gmt":"2026-04-22T09:55:41","slug":"nikeair-max-moto-2k-herren-grau","status":"publish","type":"product","link":"https:\/\/jordanmania.de\/en\/product\/nikeair-max-moto-2k-herren-grau\/","title":{"rendered":"NikeAir Max Moto 2K Herren Grau"},"content":{"rendered":"<p data-start=\"75\" data-end=\"124\"><strong data-start=\"75\" data-end=\"92\">Farbvariante:<\/strong> Grau<br data-start=\"97\" data-end=\"100\"><strong data-start=\"100\" data-end=\"115\">Zielgruppe:<\/strong> Herren<\/p>\n<p data-start=\"126\" data-end=\"449\"><strong data-start=\"126\" data-end=\"150\">Produktbeschreibung:<\/strong><br data-start=\"150\" data-end=\"153\">Der Nike Air Max Moto 2K f\u00fcr Herren in der Farbe Grau steht f\u00fcr ein technisch gepr\u00e4gtes Design mit klaren Linien und einem markanten Running-Look. Das atmungsaktive Mesh-Obermaterial in Kombination mit stabilisierenden Overlays sorgt f\u00fcr eine moderne Optik und ein angenehmes Tragegef\u00fchl im Alltag.<\/p>\n<p data-start=\"451\" data-end=\"789\">Die mehrschichtige Sohle bietet hohen Komfort und zuverl\u00e4ssige D\u00e4mpfung bei jedem Schritt, w\u00e4hrend die strukturierte Au\u00dfensohle f\u00fcr guten Halt auf verschiedenen Untergr\u00fcnden sorgt. Die graue Farbgebung wirkt sportlich und vielseitig kombinierbar und macht den Air Max Moto 2K zu einem idealen Sneaker f\u00fcr Freizeit, Alltag und urbane Styles.<\/p>","protected":false},"excerpt":{"rendered":"<p>Farbvariante: GrauZielgruppe: Herren Produktbeschreibung:Der Nike Air Max Moto 2K f\u00fcr Herren in der Farbe Grau steht f\u00fcr ein technisch gepr\u00e4gtes Design mit klaren Linien und einem markanten Running-Look. Das atmungsaktive Mesh-Obermaterial in Kombination mit stabilisierenden Overlays sorgt f\u00fcr eine moderne Optik und ein angenehmes Tragegef\u00fchl im Alltag. Die mehrschichtige Sohle bietet hohen Komfort und zuverl\u00e4ssige [&hellip;]<\/p>\n","protected":false},"featured_media":19306,"comment_status":"open","ping_status":"closed","template":"","meta":[],"product_brand":[47],"product_cat":[59,71],"product_tag":[96],"class_list":{"0":"post-19301","1":"product","2":"type-product","3":"status-publish","4":"has-post-thumbnail","6":"product_brand-nike","7":"product_cat-nike","8":"product_cat-sneakers","9":"product_tag-finished","11":"first","12":"instock","13":"sale","14":"shipping-taxable","15":"purchasable","16":"product-type-variable"},"_links":{"self":[{"href":"https:\/\/jordanmania.de\/en\/wp-json\/wp\/v2\/product\/19301","targetHints":{"allow":["GET"]}}],"collection":[{"href":"https:\/\/jordanmania.de\/en\/wp-json\/wp\/v2\/product"}],"about":[{"href":"https:\/\/jordanmania.de\/en\/wp-json\/wp\/v2\/types\/product"}],"replies":[{"embeddable":true,"href":"https:\/\/jordanmania.de\/en\/wp-json\/wp\/v2\/comments?post=19301"}],"wp:featuredmedia":[{"embeddable":true,"href":"https:\/\/jordanmania.de\/en\/wp-json\/wp\/v2\/media\/19306"}],"wp:attachment":[{"href":"https:\/\/jordanmania.de\/en\/wp-json\/wp\/v2\/media?parent=19301"}],"wp:term":[{"taxonomy":"product_brand","embeddable":true,"href":"https:\/\/jordanmania.de\/en\/wp-json\/wp\/v2\/product_brand?post=19301"},{"taxonomy":"product_cat","embeddable":true,"href":"https:\/\/jordanmania.de\/en\/wp-json\/wp\/v2\/product_cat?post=19301"},{"taxonomy":"product_tag","embeddable":true,"href":"https:\/\/jordanmania.de\/en\/wp-json\/wp\/v2\/product_tag?post=19301"}],"curies":[{"name":"wp","href":"https:\/\/api.w.org\/{rel}","templated":true}]}}