{"id":19302,"date":"2026-04-19T09:33:50","date_gmt":"2026-04-19T09:33:50","guid":{"rendered":"https:\/\/jordanmania.de\/?post_type=product&#038;p=19302"},"modified":"2026-04-22T09:55:43","modified_gmt":"2026-04-22T09:55:43","slug":"nike-air-max-moto-2k-herren-schwarz","status":"publish","type":"product","link":"https:\/\/jordanmania.de\/en\/product\/nike-air-max-moto-2k-herren-schwarz\/","title":{"rendered":"Nike Air Max Moto 2K Herren Schwarz"},"content":{"rendered":"<p data-start=\"78\" data-end=\"130\"><strong data-start=\"78\" data-end=\"95\">Farbvariante:<\/strong> Schwarz<br data-start=\"103\" data-end=\"106\"><strong data-start=\"106\" data-end=\"121\">Zielgruppe:<\/strong> Herren<\/p>\n<p data-start=\"132\" data-end=\"452\"><strong data-start=\"132\" data-end=\"156\">Produktbeschreibung:<\/strong><br data-start=\"156\" data-end=\"159\">Der Nike Air Max Moto 2K f\u00fcr Herren in der Farbe Schwarz \u00fcberzeugt mit einem technisch inspirierten Design und einem markanten Running-Look. Das atmungsaktive Mesh-Obermaterial in Kombination mit stabilisierenden Overlays sorgt f\u00fcr eine sportliche Optik und ein angenehmes Tragegef\u00fchl im Alltag.<\/p>\n<p data-start=\"454\" data-end=\"811\">Die mehrschichtige Sohle bietet zuverl\u00e4ssige D\u00e4mpfung und hohen Komfort bei jedem Schritt, w\u00e4hrend die profilierte Au\u00dfensohle sicheren Halt auf unterschiedlichen Untergr\u00fcnden gew\u00e4hrleistet. Die komplett schwarze Farbgebung wirkt zeitlos und vielseitig kombinierbar und macht den Air Max Moto 2K zu einem idealen Sneaker f\u00fcr Freizeit, Alltag und urbane Styles.<\/p>","protected":false},"excerpt":{"rendered":"<p>Farbvariante: SchwarzZielgruppe: Herren Produktbeschreibung:Der Nike Air Max Moto 2K f\u00fcr Herren in der Farbe Schwarz \u00fcberzeugt mit einem technisch inspirierten Design und einem markanten Running-Look. Das atmungsaktive Mesh-Obermaterial in Kombination mit stabilisierenden Overlays sorgt f\u00fcr eine sportliche Optik und ein angenehmes Tragegef\u00fchl im Alltag. Die mehrschichtige Sohle bietet zuverl\u00e4ssige D\u00e4mpfung und hohen Komfort bei jedem [&hellip;]<\/p>\n","protected":false},"featured_media":19328,"comment_status":"open","ping_status":"closed","template":"","meta":[],"product_brand":[47],"product_cat":[59,71],"product_tag":[96],"class_list":{"0":"post-19302","1":"product","2":"type-product","3":"status-publish","4":"has-post-thumbnail","6":"product_brand-nike","7":"product_cat-nike","8":"product_cat-sneakers","9":"product_tag-finished","11":"first","12":"instock","13":"shipping-taxable","14":"purchasable","15":"product-type-variable"},"_links":{"self":[{"href":"https:\/\/jordanmania.de\/en\/wp-json\/wp\/v2\/product\/19302","targetHints":{"allow":["GET"]}}],"collection":[{"href":"https:\/\/jordanmania.de\/en\/wp-json\/wp\/v2\/product"}],"about":[{"href":"https:\/\/jordanmania.de\/en\/wp-json\/wp\/v2\/types\/product"}],"replies":[{"embeddable":true,"href":"https:\/\/jordanmania.de\/en\/wp-json\/wp\/v2\/comments?post=19302"}],"wp:featuredmedia":[{"embeddable":true,"href":"https:\/\/jordanmania.de\/en\/wp-json\/wp\/v2\/media\/19328"}],"wp:attachment":[{"href":"https:\/\/jordanmania.de\/en\/wp-json\/wp\/v2\/media?parent=19302"}],"wp:term":[{"taxonomy":"product_brand","embeddable":true,"href":"https:\/\/jordanmania.de\/en\/wp-json\/wp\/v2\/product_brand?post=19302"},{"taxonomy":"product_cat","embeddable":true,"href":"https:\/\/jordanmania.de\/en\/wp-json\/wp\/v2\/product_cat?post=19302"},{"taxonomy":"product_tag","embeddable":true,"href":"https:\/\/jordanmania.de\/en\/wp-json\/wp\/v2\/product_tag?post=19302"}],"curies":[{"name":"wp","href":"https:\/\/api.w.org\/{rel}","templated":true}]}}