{"id":19346,"date":"2026-04-19T09:33:55","date_gmt":"2026-04-19T09:33:55","guid":{"rendered":"https:\/\/jordanmania.de\/?post_type=product&#038;p=19346"},"modified":"2026-05-06T13:45:47","modified_gmt":"2026-05-06T13:45:47","slug":"on-cloud-6-chambray-weis","status":"publish","type":"product","link":"https:\/\/jordanmania.de\/en\/product\/on-cloud-6-chambray-weis\/","title":{"rendered":"ON Cloud 6 &#8211; Chambray\/Wei\u00df"},"content":{"rendered":"<p data-start=\"157\" data-end=\"437\"><strong data-start=\"157\" data-end=\"172\">Style Code:<\/strong> 3MF10071508<br data-start=\"184\" data-end=\"187\"><strong data-start=\"187\" data-end=\"198\">Modell:<\/strong> On Cloud\u202f6<br data-start=\"209\" data-end=\"212\"><strong data-start=\"212\" data-end=\"222\">Farbe:<\/strong> Chambray \/ White<br data-start=\"239\" data-end=\"242\"><strong data-start=\"242\" data-end=\"260\">Release\u2011Datum:<\/strong> 26. M\u00e4rz 2025<br data-start=\"274\" data-end=\"277\"><strong data-start=\"277\" data-end=\"293\" data-is-only-node=\"\">Materialien:<\/strong> Atmungsaktives Mesh-Obermaterial, synthetische Overlays, CloudTec\u00ae-D\u00e4mpfung aus Zero\u2011Gravity-Schaum, integriertes Speedboard\u00ae, Gummi-Au\u00dfensohle<\/p>\n<p data-start=\"439\" data-end=\"751\">Der On Cloud\u202f6 \u201eChambray \/ White\u201c kombiniert ein leichtes, sportliches Design mit zuverl\u00e4ssiger Performance f\u00fcr den Alltag. Das Obermaterial aus atmungsaktivem Mesh bietet angenehme Luftzirkulation, w\u00e4hrend strukturgebende synthetische Overlays f\u00fcr Stabilit\u00e4t und Form sorgen \u2013 clean, modern und alltagstauglich.<\/p>\n<p data-start=\"753\" data-end=\"1059\">Die bew\u00e4hrte CloudTec\u00ae-D\u00e4mpfung mit Zero\u2011Gravity-Schaum sorgt f\u00fcr sanfte Landungen und ein leichtes Tragegef\u00fchl. Erg\u00e4nzt wird das Ganze durch das integrierte Speedboard\u00ae, das Aufprallenergie effizient in Vorw\u00e4rtsbewegung umwandelt \u2013 ideal f\u00fcr dynamische Schritte im Alltag, beim Reisen oder Spazierengehen.<\/p>","protected":false},"excerpt":{"rendered":"<p>Style Code: 3MF10071508Modell: On Cloud\u202f6Farbe: Chambray \/ WhiteRelease\u2011Datum: 26. M\u00e4rz 2025Materialien: Atmungsaktives Mesh-Obermaterial, synthetische Overlays, CloudTec\u00ae-D\u00e4mpfung aus Zero\u2011Gravity-Schaum, integriertes Speedboard\u00ae, Gummi-Au\u00dfensohle Der On Cloud\u202f6 \u201eChambray \/ White\u201c kombiniert ein leichtes, sportliches Design mit zuverl\u00e4ssiger Performance f\u00fcr den Alltag. Das Obermaterial aus atmungsaktivem Mesh bietet angenehme Luftzirkulation, w\u00e4hrend strukturgebende synthetische Overlays f\u00fcr Stabilit\u00e4t und Form sorgen [&hellip;]<\/p>\n","protected":false},"featured_media":14017,"comment_status":"open","ping_status":"closed","template":"","meta":[],"product_brand":[178],"product_cat":[161,71],"product_tag":[],"class_list":{"0":"post-19346","1":"product","2":"type-product","3":"status-publish","4":"has-post-thumbnail","6":"product_brand-on","7":"product_cat-on-cloud","8":"product_cat-sneakers","10":"first","11":"instock","12":"sale","13":"shipping-taxable","14":"purchasable","15":"product-type-variable"},"_links":{"self":[{"href":"https:\/\/jordanmania.de\/en\/wp-json\/wp\/v2\/product\/19346","targetHints":{"allow":["GET"]}}],"collection":[{"href":"https:\/\/jordanmania.de\/en\/wp-json\/wp\/v2\/product"}],"about":[{"href":"https:\/\/jordanmania.de\/en\/wp-json\/wp\/v2\/types\/product"}],"replies":[{"embeddable":true,"href":"https:\/\/jordanmania.de\/en\/wp-json\/wp\/v2\/comments?post=19346"}],"wp:featuredmedia":[{"embeddable":true,"href":"https:\/\/jordanmania.de\/en\/wp-json\/wp\/v2\/media\/14017"}],"wp:attachment":[{"href":"https:\/\/jordanmania.de\/en\/wp-json\/wp\/v2\/media?parent=19346"}],"wp:term":[{"taxonomy":"product_brand","embeddable":true,"href":"https:\/\/jordanmania.de\/en\/wp-json\/wp\/v2\/product_brand?post=19346"},{"taxonomy":"product_cat","embeddable":true,"href":"https:\/\/jordanmania.de\/en\/wp-json\/wp\/v2\/product_cat?post=19346"},{"taxonomy":"product_tag","embeddable":true,"href":"https:\/\/jordanmania.de\/en\/wp-json\/wp\/v2\/product_tag?post=19346"}],"curies":[{"name":"wp","href":"https:\/\/api.w.org\/{rel}","templated":true}]}}