{"id":19382,"date":"2026-04-19T09:33:58","date_gmt":"2026-04-19T09:33:58","guid":{"rendered":"https:\/\/jordanmania.de\/product\/on-running-cloud-6-fog-weis\/"},"modified":"2026-05-06T09:54:52","modified_gmt":"2026-05-06T09:54:52","slug":"on-running-cloud-6-fog-weis","status":"publish","type":"product","link":"https:\/\/jordanmania.de\/en\/product\/on-running-cloud-6-fog-weis\/","title":{"rendered":"On Running Cloud 6 Fog Wei\u00df"},"content":{"rendered":"<p data-start=\"155\" data-end=\"433\"><strong data-start=\"155\" data-end=\"170\">Style Code:<\/strong> 3MF10073280<br data-start=\"182\" data-end=\"185\"><strong data-start=\"185\" data-end=\"196\">Modell:<\/strong> On Cloud\u202f6<br data-start=\"207\" data-end=\"210\"><strong data-start=\"210\" data-end=\"220\">Farbe:<\/strong> Fog \/ White<br data-start=\"232\" data-end=\"235\"><strong data-start=\"235\" data-end=\"253\">Release\u2011Datum:<\/strong> Fr\u00fchjahr 2025<br data-start=\"267\" data-end=\"270\"><strong data-start=\"270\" data-end=\"286\" data-is-only-node=\"\">Materialien:<\/strong> Atmungsaktives Mesh aus recyceltem Polyester, TPU-Overlays, CloudTec\u00ae-D\u00e4mpfung mit Zero\u2011Gravity-Schaum, integriertes Speedboard\u00ae, Gummi-Au\u00dfensohle<\/p>\n<p data-start=\"435\" data-end=\"720\">Der On Cloud\u202f6 \u201eFog \/ White\u201c \u00fcberzeugt mit einem reduzierten, modernen Look in neutralen Graut\u00f6nen \u2013 clean, vielseitig und funktional. Das atmungsaktive Obermaterial besteht aus leichtem, recyceltem Mesh und wird durch formgebende TPU-Overlays erg\u00e4nzt, die Halt und Struktur verleihen.<\/p>\n<p data-start=\"722\" data-end=\"1011\">Die bew\u00e4hrte CloudTec\u00ae-D\u00e4mpfung mit Zero\u2011Gravity-Schaum sorgt f\u00fcr weiche Landungen und leichtf\u00fc\u00dfige Bewegungen. Das integrierte Speedboard\u00ae unterst\u00fctzt das nat\u00fcrliche Abrollen und f\u00f6rdert einen dynamischen, effizienten Schritt \u2013 ideal f\u00fcr den Alltag, l\u00e4ngere Wege oder entspanntes Pendeln.<\/p>","protected":false},"excerpt":{"rendered":"<p>Style Code: 3MF10073280Modell: On Cloud\u202f6Farbe: Fog \/ WhiteRelease\u2011Datum: Fr\u00fchjahr 2025Materialien: Atmungsaktives Mesh aus recyceltem Polyester, TPU-Overlays, CloudTec\u00ae-D\u00e4mpfung mit Zero\u2011Gravity-Schaum, integriertes Speedboard\u00ae, Gummi-Au\u00dfensohle Der On Cloud\u202f6 \u201eFog \/ White\u201c \u00fcberzeugt mit einem reduzierten, modernen Look in neutralen Graut\u00f6nen \u2013 clean, vielseitig und funktional. Das atmungsaktive Obermaterial besteht aus leichtem, recyceltem Mesh und wird durch formgebende TPU-Overlays [&hellip;]<\/p>\n","protected":false},"featured_media":14020,"comment_status":"open","ping_status":"closed","template":"","meta":[],"product_brand":[178],"product_cat":[161,71],"product_tag":[],"class_list":{"0":"post-19382","1":"product","2":"type-product","3":"status-publish","4":"has-post-thumbnail","6":"product_brand-on","7":"product_cat-on-cloud","8":"product_cat-sneakers","10":"first","11":"instock","12":"sale","13":"shipping-taxable","14":"purchasable","15":"product-type-variable"},"_links":{"self":[{"href":"https:\/\/jordanmania.de\/en\/wp-json\/wp\/v2\/product\/19382","targetHints":{"allow":["GET"]}}],"collection":[{"href":"https:\/\/jordanmania.de\/en\/wp-json\/wp\/v2\/product"}],"about":[{"href":"https:\/\/jordanmania.de\/en\/wp-json\/wp\/v2\/types\/product"}],"replies":[{"embeddable":true,"href":"https:\/\/jordanmania.de\/en\/wp-json\/wp\/v2\/comments?post=19382"}],"wp:featuredmedia":[{"embeddable":true,"href":"https:\/\/jordanmania.de\/en\/wp-json\/wp\/v2\/media\/14020"}],"wp:attachment":[{"href":"https:\/\/jordanmania.de\/en\/wp-json\/wp\/v2\/media?parent=19382"}],"wp:term":[{"taxonomy":"product_brand","embeddable":true,"href":"https:\/\/jordanmania.de\/en\/wp-json\/wp\/v2\/product_brand?post=19382"},{"taxonomy":"product_cat","embeddable":true,"href":"https:\/\/jordanmania.de\/en\/wp-json\/wp\/v2\/product_cat?post=19382"},{"taxonomy":"product_tag","embeddable":true,"href":"https:\/\/jordanmania.de\/en\/wp-json\/wp\/v2\/product_tag?post=19382"}],"curies":[{"name":"wp","href":"https:\/\/api.w.org\/{rel}","templated":true}]}}