{"id":19383,"date":"2026-04-19T09:33:58","date_gmt":"2026-04-19T09:33:58","guid":{"rendered":"https:\/\/jordanmania.de\/?post_type=product&#038;p=19383"},"modified":"2026-04-22T09:55:45","modified_gmt":"2026-04-22T09:55:45","slug":"on-cloud-6-evergreen-schwarz","status":"publish","type":"product","link":"https:\/\/jordanmania.de\/en\/product\/on-cloud-6-evergreen-schwarz\/","title":{"rendered":"ON Cloud 6 &#8211; Evergreen\/Schwarz"},"content":{"rendered":"<p data-start=\"157\" data-end=\"441\"><strong data-start=\"157\" data-end=\"172\">Style Code:<\/strong> 3MF10070214<br data-start=\"184\" data-end=\"187\"><strong data-start=\"187\" data-end=\"198\">Modell:<\/strong> On Cloud\u202f6<br data-start=\"209\" data-end=\"212\"><strong data-start=\"212\" data-end=\"222\">Farbe:<\/strong> Evergreen \/ Black<br data-start=\"240\" data-end=\"243\"><strong data-start=\"243\" data-end=\"261\">Release\u2011Datum:<\/strong> 7. Februar 2025<br data-start=\"277\" data-end=\"280\"><strong data-start=\"280\" data-end=\"296\" data-is-only-node=\"\">Materialien:<\/strong> Atmungsaktives Mesh-Obermaterial (recyceltes Polyester), TPU\u2011Overlays, Zero\u2011Gravity CloudTec\u00ae-Schaum, integriertes Speedboard\u00ae, Gummi-Au\u00dfensohle<\/p>\n<p data-start=\"443\" data-end=\"721\">Der On Cloud\u202f6 \u201eEvergreen \/ Black\u201c verbindet technische Raffinesse mit einem frischen, kontrastreichen Farbkonzept. Das Obermaterial besteht aus leichtem, atmungsaktivem Mesh und wird durch TPU-Overlays verst\u00e4rkt, die f\u00fcr Struktur, Stabilit\u00e4t und eine moderne Silhouette sorgen.<\/p>\n<p data-start=\"723\" data-end=\"1030\">Die bew\u00e4hrte CloudTec\u00ae-D\u00e4mpfung aus Zero\u2011Gravity-Schaum garantiert weiche Landungen und ein angenehm leichtes Tragegef\u00fchl. Das integrierte Speedboard\u00ae sorgt zus\u00e4tzlich f\u00fcr ein dynamisches Abrollen und effiziente Energier\u00fcckgabe \u2013 ideal f\u00fcr lange Tage auf den Beinen, urbane Mobilit\u00e4t oder leichte Aktivit\u00e4t.<\/p>","protected":false},"excerpt":{"rendered":"<p>Style Code: 3MF10070214Modell: On Cloud\u202f6Farbe: Evergreen \/ BlackRelease\u2011Datum: 7. Februar 2025Materialien: Atmungsaktives Mesh-Obermaterial (recyceltes Polyester), TPU\u2011Overlays, Zero\u2011Gravity CloudTec\u00ae-Schaum, integriertes Speedboard\u00ae, Gummi-Au\u00dfensohle Der On Cloud\u202f6 \u201eEvergreen \/ Black\u201c verbindet technische Raffinesse mit einem frischen, kontrastreichen Farbkonzept. Das Obermaterial besteht aus leichtem, atmungsaktivem Mesh und wird durch TPU-Overlays verst\u00e4rkt, die f\u00fcr Struktur, Stabilit\u00e4t und eine moderne Silhouette [&hellip;]<\/p>\n","protected":false},"featured_media":14001,"comment_status":"open","ping_status":"closed","template":"","meta":[],"product_brand":[179],"product_cat":[161,71],"product_tag":[],"class_list":{"0":"post-19383","1":"product","2":"type-product","3":"status-publish","4":"has-post-thumbnail","6":"product_brand-seifertundstil-de","7":"product_cat-on-cloud","8":"product_cat-sneakers","10":"first","11":"instock","12":"sale","13":"shipping-taxable","14":"purchasable","15":"product-type-variable"},"_links":{"self":[{"href":"https:\/\/jordanmania.de\/en\/wp-json\/wp\/v2\/product\/19383","targetHints":{"allow":["GET"]}}],"collection":[{"href":"https:\/\/jordanmania.de\/en\/wp-json\/wp\/v2\/product"}],"about":[{"href":"https:\/\/jordanmania.de\/en\/wp-json\/wp\/v2\/types\/product"}],"replies":[{"embeddable":true,"href":"https:\/\/jordanmania.de\/en\/wp-json\/wp\/v2\/comments?post=19383"}],"wp:featuredmedia":[{"embeddable":true,"href":"https:\/\/jordanmania.de\/en\/wp-json\/wp\/v2\/media\/14001"}],"wp:attachment":[{"href":"https:\/\/jordanmania.de\/en\/wp-json\/wp\/v2\/media?parent=19383"}],"wp:term":[{"taxonomy":"product_brand","embeddable":true,"href":"https:\/\/jordanmania.de\/en\/wp-json\/wp\/v2\/product_brand?post=19383"},{"taxonomy":"product_cat","embeddable":true,"href":"https:\/\/jordanmania.de\/en\/wp-json\/wp\/v2\/product_cat?post=19383"},{"taxonomy":"product_tag","embeddable":true,"href":"https:\/\/jordanmania.de\/en\/wp-json\/wp\/v2\/product_tag?post=19383"}],"curies":[{"name":"wp","href":"https:\/\/api.w.org\/{rel}","templated":true}]}}