{"id":19384,"date":"2026-04-19T09:33:58","date_gmt":"2026-04-19T09:33:58","guid":{"rendered":"https:\/\/jordanmania.de\/?post_type=product&#038;p=19384"},"modified":"2026-05-05T19:42:38","modified_gmt":"2026-05-05T19:42:38","slug":"on-cloud-6-glacier-weis","status":"publish","type":"product","link":"https:\/\/jordanmania.de\/en\/product\/on-cloud-6-glacier-weis\/","title":{"rendered":"ON Cloud 6 &#8211; Glacier\/Wei\u00df"},"content":{"rendered":"<p data-start=\"181\" data-end=\"465\"><strong data-start=\"181\" data-end=\"196\">Style Code:<\/strong> 3MF10070070<br data-start=\"208\" data-end=\"211\"><strong data-start=\"211\" data-end=\"222\">Modell:<\/strong> On Cloud\u202f6<br data-start=\"233\" data-end=\"236\"><strong data-start=\"236\" data-end=\"246\">Farbe:<\/strong> Glacier \/ White<br data-start=\"262\" data-end=\"265\"><strong data-start=\"265\" data-end=\"283\">Release\u2011Datum:<\/strong> 7. Februar 2025<br data-start=\"299\" data-end=\"302\"><strong data-start=\"302\" data-end=\"318\">Materialien:<\/strong> Atmungsaktives Mesh aus recyceltem Polyester, TPU-Overlays, CloudTec\u00ae-D\u00e4mpfung mit Zero\u2011Gravity-Schaum, integriertes Speedboard\u00ae, Gummi-Au\u00dfensohle<\/p>\n<p data-start=\"467\" data-end=\"753\">Der On Cloud\u202f6 \u201eGlacier \/ White\u201c vereint technische Pr\u00e4zision mit einem klaren, zur\u00fcckhaltenden Look in Graublau und Wei\u00df. Das atmungsaktive Mesh-Obermaterial bietet ein angenehmes Fu\u00dfklima, w\u00e4hrend TPU-Overlays dem Schuh Struktur und Halt geben \u2013 funktional, leicht und visuell modern.<\/p>\n<p data-start=\"755\" data-end=\"1065\">Das Herzst\u00fcck bildet die bew\u00e4hrte CloudTec\u00ae-D\u00e4mpfung mit Zero\u2011Gravity-Schaum, die f\u00fcr weiche Landungen und federnde Abst\u00f6\u00dfe sorgt. In Kombination mit dem integrierten Speedboard\u00ae entsteht ein nat\u00fcrliches, energieeffizientes Abrollverhalten \u2013 ideal f\u00fcr allt\u00e4gliche Bewegung, l\u00e4ngere Fu\u00dfwege oder aktive Pendler.\u00a0<\/p>","protected":false},"excerpt":{"rendered":"<p>Style Code: 3MF10070070Modell: On Cloud\u202f6Farbe: Glacier \/ WhiteRelease\u2011Datum: 7. Februar 2025Materialien: Atmungsaktives Mesh aus recyceltem Polyester, TPU-Overlays, CloudTec\u00ae-D\u00e4mpfung mit Zero\u2011Gravity-Schaum, integriertes Speedboard\u00ae, Gummi-Au\u00dfensohle Der On Cloud\u202f6 \u201eGlacier \/ White\u201c vereint technische Pr\u00e4zision mit einem klaren, zur\u00fcckhaltenden Look in Graublau und Wei\u00df. Das atmungsaktive Mesh-Obermaterial bietet ein angenehmes Fu\u00dfklima, w\u00e4hrend TPU-Overlays dem Schuh Struktur und Halt [&hellip;]<\/p>\n","protected":false},"featured_media":14010,"comment_status":"open","ping_status":"closed","template":"","meta":[],"product_brand":[178],"product_cat":[161,71],"product_tag":[],"class_list":{"0":"post-19384","1":"product","2":"type-product","3":"status-publish","4":"has-post-thumbnail","6":"product_brand-on","7":"product_cat-on-cloud","8":"product_cat-sneakers","10":"first","11":"instock","12":"sale","13":"shipping-taxable","14":"purchasable","15":"product-type-variable"},"_links":{"self":[{"href":"https:\/\/jordanmania.de\/en\/wp-json\/wp\/v2\/product\/19384","targetHints":{"allow":["GET"]}}],"collection":[{"href":"https:\/\/jordanmania.de\/en\/wp-json\/wp\/v2\/product"}],"about":[{"href":"https:\/\/jordanmania.de\/en\/wp-json\/wp\/v2\/types\/product"}],"replies":[{"embeddable":true,"href":"https:\/\/jordanmania.de\/en\/wp-json\/wp\/v2\/comments?post=19384"}],"wp:featuredmedia":[{"embeddable":true,"href":"https:\/\/jordanmania.de\/en\/wp-json\/wp\/v2\/media\/14010"}],"wp:attachment":[{"href":"https:\/\/jordanmania.de\/en\/wp-json\/wp\/v2\/media?parent=19384"}],"wp:term":[{"taxonomy":"product_brand","embeddable":true,"href":"https:\/\/jordanmania.de\/en\/wp-json\/wp\/v2\/product_brand?post=19384"},{"taxonomy":"product_cat","embeddable":true,"href":"https:\/\/jordanmania.de\/en\/wp-json\/wp\/v2\/product_cat?post=19384"},{"taxonomy":"product_tag","embeddable":true,"href":"https:\/\/jordanmania.de\/en\/wp-json\/wp\/v2\/product_tag?post=19384"}],"curies":[{"name":"wp","href":"https:\/\/api.w.org\/{rel}","templated":true}]}}