{"id":19443,"date":"2026-04-19T09:34:02","date_gmt":"2026-04-19T09:34:02","guid":{"rendered":"https:\/\/jordanmania.de\/?post_type=product&#038;p=19443"},"modified":"2026-05-06T12:24:17","modified_gmt":"2026-05-06T12:24:17","slug":"on-cloud-6-schwarz-weis","status":"publish","type":"product","link":"https:\/\/jordanmania.de\/en\/product\/on-cloud-6-schwarz-weis\/","title":{"rendered":"ON Cloud 6 &#8211; Schwarz\/Wei\u00df"},"content":{"rendered":"<p data-start=\"150\" data-end=\"416\"><strong data-start=\"150\" data-end=\"165\">Style Code:<\/strong> 3WF10060299<br data-start=\"177\" data-end=\"180\"><strong data-start=\"180\" data-end=\"191\">Modell:<\/strong> On Cloud\u202f6<br data-start=\"202\" data-end=\"205\"><strong data-start=\"205\" data-end=\"215\">Farbe:<\/strong> Black \/ White<br data-start=\"229\" data-end=\"232\"><strong data-start=\"232\" data-end=\"250\">Release\u2011Datum:<\/strong> 7. Februar 2025<br data-start=\"266\" data-end=\"269\"><strong data-start=\"269\" data-end=\"285\">Materialien:<\/strong> Atmungsaktives Mesh-Obermaterial, synthetische Overlays, Zero\u2011Gravity CloudTec\u00ae-Schaum, integriertes Speedboard\u00ae, Gummi-Au\u00dfensohle<\/p>\n<p data-start=\"418\" data-end=\"720\">Der On Cloud\u202f6 \u201eBlack \/ White\u201c vereint Funktion und Lifestyle in einem sportlich-eleganten Look. Das atmungsaktive Mesh-Obermaterial sorgt f\u00fcr ein leichtes, angenehmes Tragegef\u00fchl, w\u00e4hrend formgebende synthetische Overlays Stabilit\u00e4t und Struktur verleihen \u2013 dezent, modern und vielseitig kombinierbar.\u00a0<\/p>","protected":false},"excerpt":{"rendered":"<p>Style Code: 3WF10060299Modell: On Cloud\u202f6Farbe: Black \/ WhiteRelease\u2011Datum: 7. Februar 2025Materialien: Atmungsaktives Mesh-Obermaterial, synthetische Overlays, Zero\u2011Gravity CloudTec\u00ae-Schaum, integriertes Speedboard\u00ae, Gummi-Au\u00dfensohle Der On Cloud\u202f6 \u201eBlack \/ White\u201c vereint Funktion und Lifestyle in einem sportlich-eleganten Look. Das atmungsaktive Mesh-Obermaterial sorgt f\u00fcr ein leichtes, angenehmes Tragegef\u00fchl, w\u00e4hrend formgebende synthetische Overlays Stabilit\u00e4t und Struktur verleihen \u2013 dezent, modern und [&hellip;]<\/p>\n","protected":false},"featured_media":14022,"comment_status":"open","ping_status":"closed","template":"","meta":[],"product_brand":[178],"product_cat":[161,71],"product_tag":[],"class_list":{"0":"post-19443","1":"product","2":"type-product","3":"status-publish","4":"has-post-thumbnail","6":"product_brand-on","7":"product_cat-on-cloud","8":"product_cat-sneakers","10":"first","11":"instock","12":"sale","13":"shipping-taxable","14":"purchasable","15":"product-type-variable"},"_links":{"self":[{"href":"https:\/\/jordanmania.de\/en\/wp-json\/wp\/v2\/product\/19443","targetHints":{"allow":["GET"]}}],"collection":[{"href":"https:\/\/jordanmania.de\/en\/wp-json\/wp\/v2\/product"}],"about":[{"href":"https:\/\/jordanmania.de\/en\/wp-json\/wp\/v2\/types\/product"}],"replies":[{"embeddable":true,"href":"https:\/\/jordanmania.de\/en\/wp-json\/wp\/v2\/comments?post=19443"}],"wp:featuredmedia":[{"embeddable":true,"href":"https:\/\/jordanmania.de\/en\/wp-json\/wp\/v2\/media\/14022"}],"wp:attachment":[{"href":"https:\/\/jordanmania.de\/en\/wp-json\/wp\/v2\/media?parent=19443"}],"wp:term":[{"taxonomy":"product_brand","embeddable":true,"href":"https:\/\/jordanmania.de\/en\/wp-json\/wp\/v2\/product_brand?post=19443"},{"taxonomy":"product_cat","embeddable":true,"href":"https:\/\/jordanmania.de\/en\/wp-json\/wp\/v2\/product_cat?post=19443"},{"taxonomy":"product_tag","embeddable":true,"href":"https:\/\/jordanmania.de\/en\/wp-json\/wp\/v2\/product_tag?post=19443"}],"curies":[{"name":"wp","href":"https:\/\/api.w.org\/{rel}","templated":true}]}}