{"id":19445,"date":"2026-04-19T09:34:02","date_gmt":"2026-04-19T09:34:02","guid":{"rendered":"https:\/\/jordanmania.de\/?post_type=product&#038;p=19445"},"modified":"2026-04-22T09:55:50","modified_gmt":"2026-04-22T09:55:50","slug":"on-cloudtilt-damen-schwarz","status":"publish","type":"product","link":"https:\/\/jordanmania.de\/en\/product\/on-cloudtilt-damen-schwarz\/","title":{"rendered":"On Cloudtilt Damen Schwarz"},"content":{"rendered":"<div class=\"flex flex-col text-sm pb-25\">\n<article class=\"text-token-text-primary w-full focus:outline-none [--shadow-height:45px] has-data-writing-block:pointer-events-none has-data-writing-block:-mt-(--shadow-height) has-data-writing-block:pt-(--shadow-height) [&#038;:has([data-writing-block])>*]:pointer-events-auto scroll-mt-[calc(var(&#8211;header-height)+min(200px,max(70px,20svh)))]&#8220; dir=&#8220;auto&#8220; data-turn-id=&#8220;request-69706769-93a4-8327-8c7a-545b560ac4ce-1&#8243; data-testid=&#8220;conversation-turn-90&#8243; data-scroll-anchor=&#8220;true&#8220; data-turn=&#8220;assistant&#8220; tabindex=&#8220;-1&#8243;><\/p>\n<div class=\"text-base my-auto mx-auto pb-10 [--thread-content-margin:--spacing(4)] @w-sm\/main:[--thread-content-margin:--spacing(6)] @w-lg\/main:[--thread-content-margin:--spacing(16)] px-(--thread-content-margin)\">\n<div class=\"[--thread-content-max-width:40rem] @w-lg\/main:[--thread-content-max-width:48rem] mx-auto max-w-(--thread-content-max-width) flex-1 group\/turn-messages focus-visible:outline-hidden relative flex w-full min-w-0 flex-col agent-turn\" tabindex=\"-1\">\n<div class=\"flex max-w-full flex-col grow\">\n<div data-message-author-role=\"assistant\" data-message-id=\"a7754f8f-fbd3-4833-ba66-67a2da2e7624\" dir=\"auto\" class=\"min-h-8 text-message relative flex w-full flex-col items-end gap-2 text-start break-words whitespace-normal [.text-message+&#038;]:mt-1\" data-message-model-slug=\"gpt-5-2\">\n<div class=\"flex w-full flex-col gap-1 empty:hidden first:pt-[1px]\">\n<div class=\"markdown prose dark:prose-invert w-full wrap-break-word light markdown-new-styling\">\n<p data-start=\"62\" data-end=\"113\"><strong data-start=\"62\" data-end=\"79\">Farbvariante:<\/strong> Schwarz<br data-start=\"87\" data-end=\"90\"><strong data-start=\"90\" data-end=\"105\">Zielgruppe:<\/strong> Damen<\/p>\n<p data-start=\"115\" data-end=\"493\"><strong data-start=\"115\" data-end=\"139\">Produktbeschreibung:<\/strong><br data-start=\"139\" data-end=\"142\">Der On Cloudtilt f\u00fcr Damen in der Farbe Schwarz \u00fcberzeugt mit einem modernen, minimalistischen Design und einem klaren Fokus auf Komfort und Alltagstauglichkeit. Die schlanke Silhouette in Kombination mit dem leichten, atmungsaktiven Obermaterial verleiht dem Sneaker eine zeitlose Optik, die sich ideal in urbane und sportive Looks integrieren l\u00e4sst.<\/p>\n<p data-start=\"495\" data-end=\"780\">Die innovative CloudTec\u00ae-D\u00e4mpfung sorgt f\u00fcr ein angenehm weiches Laufgef\u00fchl und unterst\u00fctzt nat\u00fcrliche Bewegungsabl\u00e4ufe bei jedem Schritt. Dank der schwarzen Farbgebung wirkt der On Cloudtilt besonders vielseitig und eignet sich ideal f\u00fcr Alltag, Freizeit und einen aktiven Lebensstil.<\/p>\n<\/div>\n<\/div>\n<\/div>\n<\/div>\n<\/div>\n<\/div>\n<\/article>\n<\/div>\n","protected":false},"excerpt":{"rendered":"","protected":false},"featured_media":19471,"comment_status":"open","ping_status":"closed","template":"","meta":[],"product_brand":[180],"product_cat":[161,71],"product_tag":[96],"class_list":{"0":"post-19445","1":"product","2":"type-product","3":"status-publish","4":"has-post-thumbnail","6":"product_brand-on-cloudtilt","7":"product_cat-on-cloud","8":"product_cat-sneakers","9":"product_tag-finished","11":"first","12":"instock","13":"shipping-taxable","14":"purchasable","15":"product-type-variable"},"_links":{"self":[{"href":"https:\/\/jordanmania.de\/en\/wp-json\/wp\/v2\/product\/19445","targetHints":{"allow":["GET"]}}],"collection":[{"href":"https:\/\/jordanmania.de\/en\/wp-json\/wp\/v2\/product"}],"about":[{"href":"https:\/\/jordanmania.de\/en\/wp-json\/wp\/v2\/types\/product"}],"replies":[{"embeddable":true,"href":"https:\/\/jordanmania.de\/en\/wp-json\/wp\/v2\/comments?post=19445"}],"wp:featuredmedia":[{"embeddable":true,"href":"https:\/\/jordanmania.de\/en\/wp-json\/wp\/v2\/media\/19471"}],"wp:attachment":[{"href":"https:\/\/jordanmania.de\/en\/wp-json\/wp\/v2\/media?parent=19445"}],"wp:term":[{"taxonomy":"product_brand","embeddable":true,"href":"https:\/\/jordanmania.de\/en\/wp-json\/wp\/v2\/product_brand?post=19445"},{"taxonomy":"product_cat","embeddable":true,"href":"https:\/\/jordanmania.de\/en\/wp-json\/wp\/v2\/product_cat?post=19445"},{"taxonomy":"product_tag","embeddable":true,"href":"https:\/\/jordanmania.de\/en\/wp-json\/wp\/v2\/product_tag?post=19445"}],"curies":[{"name":"wp","href":"https:\/\/api.w.org\/{rel}","templated":true}]}}