{"id":19512,"date":"2026-04-19T09:34:09","date_gmt":"2026-04-19T09:34:09","guid":{"rendered":"https:\/\/jordanmania.de\/?post_type=product&#038;p=19512"},"modified":"2026-04-22T09:55:52","modified_gmt":"2026-04-22T09:55:52","slug":"ugg-classic-ultra-mini-boot-damen-schwarz","status":"publish","type":"product","link":"https:\/\/jordanmania.de\/en\/product\/ugg-classic-ultra-mini-boot-damen-schwarz\/","title":{"rendered":"UGG Classic Ultra Mini Boot Damen Schwarz"},"content":{"rendered":"<p data-start=\"158\" data-end=\"234\"><strong data-start=\"158\" data-end=\"168\">Style:<\/strong> 1116109<br data-start=\"176\" data-end=\"179\"><strong data-start=\"179\" data-end=\"196\">Farbvariante:<\/strong> Schwarz<br data-start=\"212\" data-end=\"215\"><strong data-start=\"215\" data-end=\"226\">Gender:<\/strong> Damen<\/p>\n<p data-start=\"236\" data-end=\"608\"><strong data-start=\"236\" data-end=\"260\">Produktbeschreibung:<\/strong><br data-start=\"260\" data-end=\"263\">Der UGG Classic Ultra Mini Boot f\u00fcr Damen in der Farbe Black \/ Schwarz \u00fcberzeugt durch sein reduziertes Design und hohen Tragekomfort. Das hochwertige Veloursleder-Obermaterial sorgt f\u00fcr eine zeitlose, klare Optik, w\u00e4hrend die besonders niedrige Schafth\u00f6he dem Modell eine moderne Silhouette verleiht und vielseitige Stylingm\u00f6glichkeiten bietet.<\/p>\n<p data-start=\"610\" data-end=\"859\">Das weiche UGGplush\u2122-Futter bietet angenehme W\u00e4rme und ein komfortables Tragegef\u00fchl. Die robuste Au\u00dfensohle ist f\u00fcr den Einsatz im Innen- und Au\u00dfenbereich geeignet und macht den Classic Ultra Mini zu einer zuverl\u00e4ssigen Wahl f\u00fcr Alltag und Freizeit.<\/p>","protected":false},"excerpt":{"rendered":"<p>Style: 1116109Farbvariante: SchwarzGender: Damen Produktbeschreibung:Der UGG Classic Ultra Mini Boot f\u00fcr Damen in der Farbe Black \/ Schwarz \u00fcberzeugt durch sein reduziertes Design und hohen Tragekomfort. Das hochwertige Veloursleder-Obermaterial sorgt f\u00fcr eine zeitlose, klare Optik, w\u00e4hrend die besonders niedrige Schafth\u00f6he dem Modell eine moderne Silhouette verleiht und vielseitige Stylingm\u00f6glichkeiten bietet. Das weiche UGGplush\u2122-Futter bietet angenehme [&hellip;]<\/p>\n","protected":false},"featured_media":14071,"comment_status":"open","ping_status":"closed","template":"","meta":[],"product_brand":[171],"product_cat":[71,182],"product_tag":[69,78,81],"class_list":{"0":"post-19512","1":"product","2":"type-product","3":"status-publish","4":"has-post-thumbnail","6":"product_brand-ugg","7":"product_cat-sneakers","8":"product_cat-ugg","9":"product_tag-bb","10":"product_tag-revolut","11":"product_tag-ugg","13":"first","14":"instock","15":"sale","16":"shipping-taxable","17":"purchasable","18":"product-type-variable"},"_links":{"self":[{"href":"https:\/\/jordanmania.de\/en\/wp-json\/wp\/v2\/product\/19512","targetHints":{"allow":["GET"]}}],"collection":[{"href":"https:\/\/jordanmania.de\/en\/wp-json\/wp\/v2\/product"}],"about":[{"href":"https:\/\/jordanmania.de\/en\/wp-json\/wp\/v2\/types\/product"}],"replies":[{"embeddable":true,"href":"https:\/\/jordanmania.de\/en\/wp-json\/wp\/v2\/comments?post=19512"}],"wp:featuredmedia":[{"embeddable":true,"href":"https:\/\/jordanmania.de\/en\/wp-json\/wp\/v2\/media\/14071"}],"wp:attachment":[{"href":"https:\/\/jordanmania.de\/en\/wp-json\/wp\/v2\/media?parent=19512"}],"wp:term":[{"taxonomy":"product_brand","embeddable":true,"href":"https:\/\/jordanmania.de\/en\/wp-json\/wp\/v2\/product_brand?post=19512"},{"taxonomy":"product_cat","embeddable":true,"href":"https:\/\/jordanmania.de\/en\/wp-json\/wp\/v2\/product_cat?post=19512"},{"taxonomy":"product_tag","embeddable":true,"href":"https:\/\/jordanmania.de\/en\/wp-json\/wp\/v2\/product_tag?post=19512"}],"curies":[{"name":"wp","href":"https:\/\/api.w.org\/{rel}","templated":true}]}}