{"id":19513,"date":"2026-04-19T09:34:09","date_gmt":"2026-04-19T09:34:09","guid":{"rendered":"https:\/\/jordanmania.de\/?post_type=product&#038;p=19513"},"modified":"2026-04-22T09:55:52","modified_gmt":"2026-04-22T09:55:52","slug":"ugg-classic-ultra-mini-boot-damen-chestnut-braun","status":"publish","type":"product","link":"https:\/\/jordanmania.de\/en\/product\/ugg-classic-ultra-mini-boot-damen-chestnut-braun\/","title":{"rendered":"UGG Classic Ultra Mini Boot Damen Chestnut (Braun)"},"content":{"rendered":"<div data-component=\"product-trait\" class=\"css-101wtdy\">\n<p data-start=\"152\" data-end=\"221\"><strong data-start=\"152\" data-end=\"162\">Style:<\/strong> 1116109<br data-start=\"170\" data-end=\"173\"><strong data-start=\"173\" data-end=\"190\">Farbvariante:<\/strong> Chestnut (Braun)<br data-start=\"199\" data-end=\"202\"><strong data-start=\"202\" data-end=\"213\">Gender:<\/strong> Damen<\/p>\n<p data-start=\"223\" data-end=\"567\"><strong data-start=\"223\" data-end=\"247\">Produktbeschreibung:<\/strong><br data-start=\"247\" data-end=\"250\">Der UGG Classic Ultra Mini Boot f\u00fcr Damen in der Farbe Chestnut \u00fcberzeugt durch sein reduziertes Design und hohen Tragekomfort. Das hochwertige Veloursleder-Obermaterial verleiht dem Modell eine zeitlose Optik, w\u00e4hrend die besonders niedrige Schafth\u00f6he eine moderne Silhouette schafft und vielseitig kombinierbar ist.<\/p>\n<p data-start=\"569\" data-end=\"832\">Im Inneren sorgt das weiche UGGplush\u2122-Futter f\u00fcr angenehme W\u00e4rme und ein komfortables Tragegef\u00fchl. Die robuste Au\u00dfensohle ist f\u00fcr den Einsatz im Innen- und Au\u00dfenbereich geeignet und macht den Classic Ultra Mini zu einer zuverl\u00e4ssigen Wahl f\u00fcr Alltag und Freizeit.<\/p>\n<\/div>","protected":false},"excerpt":{"rendered":"<p>Style: 1116109Farbvariante: Chestnut (Braun)Gender: Damen Produktbeschreibung:Der UGG Classic Ultra Mini Boot f\u00fcr Damen in der Farbe Chestnut \u00fcberzeugt durch sein reduziertes Design und hohen Tragekomfort. Das hochwertige Veloursleder-Obermaterial verleiht dem Modell eine zeitlose Optik, w\u00e4hrend die besonders niedrige Schafth\u00f6he eine moderne Silhouette schafft und vielseitig kombinierbar ist. Im Inneren sorgt das weiche UGGplush\u2122-Futter f\u00fcr angenehme [&hellip;]<\/p>\n","protected":false},"featured_media":19535,"comment_status":"open","ping_status":"closed","template":"","meta":[],"product_brand":[171],"product_cat":[71,182],"product_tag":[69,78,81],"class_list":{"0":"post-19513","1":"product","2":"type-product","3":"status-publish","4":"has-post-thumbnail","6":"product_brand-ugg","7":"product_cat-sneakers","8":"product_cat-ugg","9":"product_tag-bb","10":"product_tag-revolut","11":"product_tag-ugg","13":"first","14":"instock","15":"sale","16":"shipping-taxable","17":"purchasable","18":"product-type-variable"},"_links":{"self":[{"href":"https:\/\/jordanmania.de\/en\/wp-json\/wp\/v2\/product\/19513","targetHints":{"allow":["GET"]}}],"collection":[{"href":"https:\/\/jordanmania.de\/en\/wp-json\/wp\/v2\/product"}],"about":[{"href":"https:\/\/jordanmania.de\/en\/wp-json\/wp\/v2\/types\/product"}],"replies":[{"embeddable":true,"href":"https:\/\/jordanmania.de\/en\/wp-json\/wp\/v2\/comments?post=19513"}],"wp:featuredmedia":[{"embeddable":true,"href":"https:\/\/jordanmania.de\/en\/wp-json\/wp\/v2\/media\/19535"}],"wp:attachment":[{"href":"https:\/\/jordanmania.de\/en\/wp-json\/wp\/v2\/media?parent=19513"}],"wp:term":[{"taxonomy":"product_brand","embeddable":true,"href":"https:\/\/jordanmania.de\/en\/wp-json\/wp\/v2\/product_brand?post=19513"},{"taxonomy":"product_cat","embeddable":true,"href":"https:\/\/jordanmania.de\/en\/wp-json\/wp\/v2\/product_cat?post=19513"},{"taxonomy":"product_tag","embeddable":true,"href":"https:\/\/jordanmania.de\/en\/wp-json\/wp\/v2\/product_tag?post=19513"}],"curies":[{"name":"wp","href":"https:\/\/api.w.org\/{rel}","templated":true}]}}