{"id":19548,"date":"2026-04-19T09:34:14","date_gmt":"2026-04-19T09:34:14","guid":{"rendered":"https:\/\/jordanmania.de\/?post_type=product&#038;p=19548"},"modified":"2026-04-22T09:55:54","modified_gmt":"2026-04-22T09:55:54","slug":"ugg-classic-ultra-mini-boot-damen-sand","status":"publish","type":"product","link":"https:\/\/jordanmania.de\/en\/product\/ugg-classic-ultra-mini-boot-damen-sand\/","title":{"rendered":"UGG Classic Ultra Mini Boot Damen Sand"},"content":{"rendered":"<p data-start=\"148\" data-end=\"213\"><strong data-start=\"148\" data-end=\"158\">Style:<\/strong> 1116109<br data-start=\"166\" data-end=\"169\"><strong data-start=\"169\" data-end=\"186\">Farbvariante:<\/strong> Sand<br data-start=\"191\" data-end=\"194\"><strong data-start=\"194\" data-end=\"205\">Gender:<\/strong> Damen<\/p>\n<p data-start=\"215\" data-end=\"569\"><strong data-start=\"215\" data-end=\"239\">Produktbeschreibung:<\/strong><br data-start=\"239\" data-end=\"242\">Der UGG Classic Ultra Mini Boot f\u00fcr Damen in der Farbe Sand \u00fcberzeugt durch sein minimalistisches Design und hohen Tragekomfort. Das hochwertige Veloursleder-Obermaterial verleiht dem Modell eine helle, zeitlose Optik, w\u00e4hrend die besonders niedrige Schafth\u00f6he f\u00fcr eine moderne Silhouette sorgt und vielseitig kombinierbar ist.<\/p>\n<p data-start=\"571\" data-end=\"831\">Im Inneren bietet das weiche UGGplush\u2122-Futter angenehme W\u00e4rme und ein komfortables Tragegef\u00fchl. Die robuste Au\u00dfensohle ist f\u00fcr den Einsatz im Innen- und Au\u00dfenbereich geeignet und macht den Classic Ultra Mini zu einer zuverl\u00e4ssigen Wahl f\u00fcr Alltag und Freizeit.<\/p>","protected":false},"excerpt":{"rendered":"<p>Style: 1116109Farbvariante: SandGender: Damen Produktbeschreibung:Der UGG Classic Ultra Mini Boot f\u00fcr Damen in der Farbe Sand \u00fcberzeugt durch sein minimalistisches Design und hohen Tragekomfort. Das hochwertige Veloursleder-Obermaterial verleiht dem Modell eine helle, zeitlose Optik, w\u00e4hrend die besonders niedrige Schafth\u00f6he f\u00fcr eine moderne Silhouette sorgt und vielseitig kombinierbar ist. Im Inneren bietet das weiche UGGplush\u2122-Futter angenehme [&hellip;]<\/p>\n","protected":false},"featured_media":14079,"comment_status":"open","ping_status":"closed","template":"","meta":[],"product_brand":[171],"product_cat":[71,182],"product_tag":[69,78,81],"class_list":{"0":"post-19548","1":"product","2":"type-product","3":"status-publish","4":"has-post-thumbnail","6":"product_brand-ugg","7":"product_cat-sneakers","8":"product_cat-ugg","9":"product_tag-bb","10":"product_tag-revolut","11":"product_tag-ugg","13":"first","14":"instock","15":"sale","16":"shipping-taxable","17":"purchasable","18":"product-type-variable"},"_links":{"self":[{"href":"https:\/\/jordanmania.de\/en\/wp-json\/wp\/v2\/product\/19548","targetHints":{"allow":["GET"]}}],"collection":[{"href":"https:\/\/jordanmania.de\/en\/wp-json\/wp\/v2\/product"}],"about":[{"href":"https:\/\/jordanmania.de\/en\/wp-json\/wp\/v2\/types\/product"}],"replies":[{"embeddable":true,"href":"https:\/\/jordanmania.de\/en\/wp-json\/wp\/v2\/comments?post=19548"}],"wp:featuredmedia":[{"embeddable":true,"href":"https:\/\/jordanmania.de\/en\/wp-json\/wp\/v2\/media\/14079"}],"wp:attachment":[{"href":"https:\/\/jordanmania.de\/en\/wp-json\/wp\/v2\/media?parent=19548"}],"wp:term":[{"taxonomy":"product_brand","embeddable":true,"href":"https:\/\/jordanmania.de\/en\/wp-json\/wp\/v2\/product_brand?post=19548"},{"taxonomy":"product_cat","embeddable":true,"href":"https:\/\/jordanmania.de\/en\/wp-json\/wp\/v2\/product_cat?post=19548"},{"taxonomy":"product_tag","embeddable":true,"href":"https:\/\/jordanmania.de\/en\/wp-json\/wp\/v2\/product_tag?post=19548"}],"curies":[{"name":"wp","href":"https:\/\/api.w.org\/{rel}","templated":true}]}}