{"id":19549,"date":"2026-04-19T09:34:14","date_gmt":"2026-04-19T09:34:14","guid":{"rendered":"https:\/\/jordanmania.de\/?post_type=product&#038;p=19549"},"modified":"2026-04-22T09:55:54","modified_gmt":"2026-04-22T09:55:54","slug":"ugg-classic-mini-ii-boot-damen-dusted-cocoa","status":"publish","type":"product","link":"https:\/\/jordanmania.de\/en\/product\/ugg-classic-mini-ii-boot-damen-dusted-cocoa\/","title":{"rendered":"UGG Classic Mini II Boot Damen Dusted Cocoa"},"content":{"rendered":"<p data-start=\"158\" data-end=\"231\"><strong data-start=\"158\" data-end=\"168\">Style:<\/strong> 1016222<br data-start=\"176\" data-end=\"179\"><strong data-start=\"179\" data-end=\"196\">Farbvariante:<\/strong> Dusted Cocoa<br data-start=\"209\" data-end=\"212\"><strong data-start=\"212\" data-end=\"223\">Gender:<\/strong> Damen<\/p>\n<p data-start=\"233\" data-end=\"559\"><strong data-start=\"233\" data-end=\"257\">Produktbeschreibung:<\/strong><br data-start=\"257\" data-end=\"260\">Der UGG Classic Mini II Boot f\u00fcr Damen in der Farbe Dusted Cocoa \u00fcberzeugt durch sein zeitloses Design und hohen Tragekomfort. Das hochwertige Veloursleder-Obermaterial verleiht dem Modell eine klassische Optik, w\u00e4hrend die niedrige Schafth\u00f6he vielseitige Kombinationsm\u00f6glichkeiten im Alltag bietet.<\/p>\n<p data-start=\"561\" data-end=\"821\" data-is-last-node=\"\" data-is-only-node=\"\">Im Inneren sorgt das weiche UGGplush\u2122-Futter f\u00fcr angenehme W\u00e4rme und ein komfortables Tragegef\u00fchl. Die robuste Au\u00dfensohle ist f\u00fcr den Einsatz im Innen- und Au\u00dfenbereich geeignet und macht den Classic Mini II zu einer zuverl\u00e4ssigen Wahl f\u00fcr Alltag und Freizeit.<\/p>","protected":false},"excerpt":{"rendered":"<p>Style: 1016222Farbvariante: Dusted CocoaGender: Damen Produktbeschreibung:Der UGG Classic Mini II Boot f\u00fcr Damen in der Farbe Dusted Cocoa \u00fcberzeugt durch sein zeitloses Design und hohen Tragekomfort. Das hochwertige Veloursleder-Obermaterial verleiht dem Modell eine klassische Optik, w\u00e4hrend die niedrige Schafth\u00f6he vielseitige Kombinationsm\u00f6glichkeiten im Alltag bietet. Im Inneren sorgt das weiche UGGplush\u2122-Futter f\u00fcr angenehme W\u00e4rme und ein [&hellip;]<\/p>\n","protected":false},"featured_media":19565,"comment_status":"open","ping_status":"closed","template":"","meta":[],"product_brand":[171],"product_cat":[71,182],"product_tag":[69,78,81],"class_list":{"0":"post-19549","1":"product","2":"type-product","3":"status-publish","4":"has-post-thumbnail","6":"product_brand-ugg","7":"product_cat-sneakers","8":"product_cat-ugg","9":"product_tag-bb","10":"product_tag-revolut","11":"product_tag-ugg","13":"first","14":"instock","15":"sale","16":"shipping-taxable","17":"purchasable","18":"product-type-variable"},"_links":{"self":[{"href":"https:\/\/jordanmania.de\/en\/wp-json\/wp\/v2\/product\/19549","targetHints":{"allow":["GET"]}}],"collection":[{"href":"https:\/\/jordanmania.de\/en\/wp-json\/wp\/v2\/product"}],"about":[{"href":"https:\/\/jordanmania.de\/en\/wp-json\/wp\/v2\/types\/product"}],"replies":[{"embeddable":true,"href":"https:\/\/jordanmania.de\/en\/wp-json\/wp\/v2\/comments?post=19549"}],"wp:featuredmedia":[{"embeddable":true,"href":"https:\/\/jordanmania.de\/en\/wp-json\/wp\/v2\/media\/19565"}],"wp:attachment":[{"href":"https:\/\/jordanmania.de\/en\/wp-json\/wp\/v2\/media?parent=19549"}],"wp:term":[{"taxonomy":"product_brand","embeddable":true,"href":"https:\/\/jordanmania.de\/en\/wp-json\/wp\/v2\/product_brand?post=19549"},{"taxonomy":"product_cat","embeddable":true,"href":"https:\/\/jordanmania.de\/en\/wp-json\/wp\/v2\/product_cat?post=19549"},{"taxonomy":"product_tag","embeddable":true,"href":"https:\/\/jordanmania.de\/en\/wp-json\/wp\/v2\/product_tag?post=19549"}],"curies":[{"name":"wp","href":"https:\/\/api.w.org\/{rel}","templated":true}]}}