{"id":19550,"date":"2026-04-19T09:34:14","date_gmt":"2026-04-19T09:34:14","guid":{"rendered":"https:\/\/jordanmania.de\/?post_type=product&#038;p=19550"},"modified":"2026-04-22T09:55:54","modified_gmt":"2026-04-22T09:55:54","slug":"ugg-classic-ultra-mini-boot-damen-dusted-cocoa","status":"publish","type":"product","link":"https:\/\/jordanmania.de\/en\/product\/ugg-classic-ultra-mini-boot-damen-dusted-cocoa\/","title":{"rendered":"UGG Classic Ultra Mini Boot Damen Dusted Cocoa"},"content":{"rendered":"<section data-component=\"ProductDetails\" class=\"css-12w3meh\">\n<p data-start=\"139\" data-end=\"212\"><strong data-start=\"139\" data-end=\"149\">Style:<\/strong> 1116109<br data-start=\"157\" data-end=\"160\"><strong data-start=\"160\" data-end=\"177\">Farbvariante:<\/strong> Dusted Cocoa<br data-start=\"190\" data-end=\"193\"><strong data-start=\"193\" data-end=\"204\">Gender:<\/strong> Damen<\/p>\n<p data-start=\"214\" data-end=\"575\"><strong data-start=\"214\" data-end=\"238\">Produktbeschreibung:<\/strong><br data-start=\"238\" data-end=\"241\">Der UGG Classic Ultra Mini Boot f\u00fcr Damen in der Farbe Dusted Cocoa \u00fcberzeugt durch sein minimalistisches Design und hohen Tragekomfort. Das hochwertige Veloursleder-Obermaterial verleiht dem Modell eine klare, moderne Optik, w\u00e4hrend die besonders niedrige Schafth\u00f6he einen zeitgem\u00e4\u00dfen Look erm\u00f6glicht und vielseitig kombinierbar ist.<\/p>\n<p data-start=\"577\" data-end=\"838\">Im Inneren sorgt das weiche UGGplush\u2122-Futter f\u00fcr angenehme W\u00e4rme und ein komfortables Tragegef\u00fchl. Die robuste Au\u00dfensohle ist f\u00fcr den Einsatz im Innen- und Au\u00dfenbereich geeignet und macht den Classic Ultra Mini zu einer praktischen Wahl f\u00fcr Alltag und Freizeit.<\/p>\n<\/section>","protected":false},"excerpt":{"rendered":"<p>Style: 1116109Farbvariante: Dusted CocoaGender: Damen Produktbeschreibung:Der UGG Classic Ultra Mini Boot f\u00fcr Damen in der Farbe Dusted Cocoa \u00fcberzeugt durch sein minimalistisches Design und hohen Tragekomfort. Das hochwertige Veloursleder-Obermaterial verleiht dem Modell eine klare, moderne Optik, w\u00e4hrend die besonders niedrige Schafth\u00f6he einen zeitgem\u00e4\u00dfen Look erm\u00f6glicht und vielseitig kombinierbar ist. Im Inneren sorgt das weiche UGGplush\u2122-Futter [&hellip;]<\/p>\n","protected":false},"featured_media":19575,"comment_status":"open","ping_status":"closed","template":"","meta":[],"product_brand":[171],"product_cat":[71,182],"product_tag":[69,78,81],"class_list":{"0":"post-19550","1":"product","2":"type-product","3":"status-publish","4":"has-post-thumbnail","6":"product_brand-ugg","7":"product_cat-sneakers","8":"product_cat-ugg","9":"product_tag-bb","10":"product_tag-revolut","11":"product_tag-ugg","13":"first","14":"instock","15":"sale","16":"shipping-taxable","17":"purchasable","18":"product-type-variable"},"_links":{"self":[{"href":"https:\/\/jordanmania.de\/en\/wp-json\/wp\/v2\/product\/19550","targetHints":{"allow":["GET"]}}],"collection":[{"href":"https:\/\/jordanmania.de\/en\/wp-json\/wp\/v2\/product"}],"about":[{"href":"https:\/\/jordanmania.de\/en\/wp-json\/wp\/v2\/types\/product"}],"replies":[{"embeddable":true,"href":"https:\/\/jordanmania.de\/en\/wp-json\/wp\/v2\/comments?post=19550"}],"wp:featuredmedia":[{"embeddable":true,"href":"https:\/\/jordanmania.de\/en\/wp-json\/wp\/v2\/media\/19575"}],"wp:attachment":[{"href":"https:\/\/jordanmania.de\/en\/wp-json\/wp\/v2\/media?parent=19550"}],"wp:term":[{"taxonomy":"product_brand","embeddable":true,"href":"https:\/\/jordanmania.de\/en\/wp-json\/wp\/v2\/product_brand?post=19550"},{"taxonomy":"product_cat","embeddable":true,"href":"https:\/\/jordanmania.de\/en\/wp-json\/wp\/v2\/product_cat?post=19550"},{"taxonomy":"product_tag","embeddable":true,"href":"https:\/\/jordanmania.de\/en\/wp-json\/wp\/v2\/product_tag?post=19550"}],"curies":[{"name":"wp","href":"https:\/\/api.w.org\/{rel}","templated":true}]}}